{"id":538,"date":"2025-04-28T18:50:31","date_gmt":"2025-04-28T21:50:31","guid":{"rendered":"https:\/\/opticsul.com.br\/?page_id=538"},"modified":"2025-04-28T18:51:14","modified_gmt":"2025-04-28T21:51:14","slug":"minidio","status":"publish","type":"page","link":"https:\/\/opticsul.com.br\/index.php\/minidio\/","title":{"rendered":"Mini Dio"},"content":{"rendered":"\t\t<div data-elementor-type=\"wp-page\" data-elementor-id=\"538\" class=\"elementor elementor-538\">\n\t\t\t\t<div class=\"elementor-element elementor-element-7e361ef8 e-flex e-con-boxed e-con e-parent\" data-id=\"7e361ef8\" data-element_type=\"container\" id=\"service1\">\n\t\t\t\t\t<div class=\"e-con-inner\">\n\t\t<div class=\"elementor-element elementor-element-132928fd e-con-full e-flex e-con e-child\" data-id=\"132928fd\" data-element_type=\"container\">\n\t\t\t\t<div class=\"elementor-element elementor-element-62b9e50a elementor-widget elementor-widget-heading\" data-id=\"62b9e50a\" data-element_type=\"widget\" data-widget_type=\"heading.default\">\n\t\t\t\t<div class=\"elementor-widget-container\">\n\t\t\t\t\t<h2 class=\"elementor-heading-title elementor-size-default\">MINI DIO<\/h2>\t\t\t\t<\/div>\n\t\t\t\t<\/div>\n\t\t\t\t<div class=\"elementor-element elementor-element-7f0d478e elementor-widget elementor-widget-text-editor\" data-id=\"7f0d478e\" data-element_type=\"widget\" data-widget_type=\"text-editor.default\">\n\t\t\t\t<div class=\"elementor-widget-container\">\n\t\t\t\t\t\t\t\t\t<p class=\"p1\">Acess\u00f3rio met\u00e1lico tipo parede utilizado para proteger as emendas \u00f3pticas e fazer a distribui\u00e7\u00e3o dos cabos \u00f3pticos, atrav\u00e9s dos cord\u00f5es \u00f3pticos que interligam o MINI DIO aos equipamentos de convers\u00e3o \u00f3ptica. Capacidade : 12 Fibras. Pode ser fornecido tamb\u00e9m com suporte para TRILHO DIN.<\/p>\t\t\t\t\t\t\t\t<\/div>\n\t\t\t\t<\/div>\n\t\t\t\t<\/div>\n\t\t<div class=\"elementor-element elementor-element-2f14ea25 e-con-full e-flex e-con e-child\" data-id=\"2f14ea25\" data-element_type=\"container\" data-settings=\"{&quot;background_background&quot;:&quot;classic&quot;}\">\n\t\t\t\t<\/div>\n\t\t\t\t\t<\/div>\n\t\t\t\t<\/div>\n\t\t\t\t<\/div>\n\t\t","protected":false},"excerpt":{"rendered":"<p>MINI DIO Acess\u00f3rio met\u00e1lico tipo parede utilizado para proteger as emendas \u00f3pticas e fazer a distribui\u00e7\u00e3o dos cabos \u00f3pticos, atrav\u00e9s dos cord\u00f5es \u00f3pticos que interligam o MINI DIO aos equipamentos de convers\u00e3o \u00f3ptica. Capacidade : 12 Fibras. Pode ser fornecido tamb\u00e9m com suporte para TRILHO DIN.<\/p>\n","protected":false},"author":1,"featured_media":0,"parent":0,"menu_order":0,"comment_status":"closed","ping_status":"closed","template":"elementor_header_footer","meta":{"footnotes":""},"class_list":["post-538","page","type-page","status-publish","hentry"],"_links":{"self":[{"href":"https:\/\/opticsul.com.br\/index.php\/wp-json\/wp\/v2\/pages\/538","targetHints":{"allow":["GET"]}}],"collection":[{"href":"https:\/\/opticsul.com.br\/index.php\/wp-json\/wp\/v2\/pages"}],"about":[{"href":"https:\/\/opticsul.com.br\/index.php\/wp-json\/wp\/v2\/types\/page"}],"author":[{"embeddable":true,"href":"https:\/\/opticsul.com.br\/index.php\/wp-json\/wp\/v2\/users\/1"}],"replies":[{"embeddable":true,"href":"https:\/\/opticsul.com.br\/index.php\/wp-json\/wp\/v2\/comments?post=538"}],"version-history":[{"count":4,"href":"https:\/\/opticsul.com.br\/index.php\/wp-json\/wp\/v2\/pages\/538\/revisions"}],"predecessor-version":[{"id":542,"href":"https:\/\/opticsul.com.br\/index.php\/wp-json\/wp\/v2\/pages\/538\/revisions\/542"}],"wp:attachment":[{"href":"https:\/\/opticsul.com.br\/index.php\/wp-json\/wp\/v2\/media?parent=538"}],"curies":[{"name":"wp","href":"https:\/\/api.w.org\/{rel}","templated":true}]}}