{"id":522,"date":"2025-04-28T18:46:20","date_gmt":"2025-04-28T21:46:20","guid":{"rendered":"https:\/\/opticsul.com.br\/?page_id=522"},"modified":"2025-04-28T18:58:21","modified_gmt":"2025-04-28T21:58:21","slug":"extopt","status":"publish","type":"page","link":"https:\/\/opticsul.com.br\/index.php\/extopt\/","title":{"rendered":"Extens\u00f5es \u00d3pticas"},"content":{"rendered":"\t\t<div data-elementor-type=\"wp-page\" data-elementor-id=\"522\" class=\"elementor elementor-522\">\n\t\t\t\t<div class=\"elementor-element elementor-element-7e361ef8 e-flex e-con-boxed e-con e-parent\" data-id=\"7e361ef8\" data-element_type=\"container\" id=\"service1\">\n\t\t\t\t\t<div class=\"e-con-inner\">\n\t\t<div class=\"elementor-element elementor-element-132928fd e-con-full e-flex e-con e-child\" data-id=\"132928fd\" data-element_type=\"container\">\n\t\t\t\t<div class=\"elementor-element elementor-element-62b9e50a elementor-widget elementor-widget-heading\" data-id=\"62b9e50a\" data-element_type=\"widget\" data-widget_type=\"heading.default\">\n\t\t\t\t<div class=\"elementor-widget-container\">\n\t\t\t\t\t<h2 class=\"elementor-heading-title elementor-size-default\">EXTENS\u00d5ES \u00d3PTICAS\n<\/h2>\t\t\t\t<\/div>\n\t\t\t\t<\/div>\n\t\t\t\t<div class=\"elementor-element elementor-element-7f0d478e elementor-widget elementor-widget-text-editor\" data-id=\"7f0d478e\" data-element_type=\"widget\" data-widget_type=\"text-editor.default\">\n\t\t\t\t<div class=\"elementor-widget-container\">\n\t\t\t\t\t\t\t\t\t<p class=\"p1\">Extens\u00f5es \u00f3pticas s\u00e3o acess\u00f3rios de conex\u00e3o entre os acess\u00f3rios de termina\u00e7\u00e3o dos cabos de fibras \u00f3pticas e equipamentos \u00f3pticos. A extens\u00e3o \u00f3ptica \u00e9 formada por um cord\u00e3o de fibra \u00f3ptica, simplex ou duplex, com conectores \u00f3pticos montados em uma das extremidades, ficando a outra extremidade livre para emenda. A extens\u00e3o simplex com fibra isolada di\u00e2metro 0,9 mm e 1,5 m de comprimento \u00e9 conhecida como \u201cPIGTAIL\u201d.<\/p>\t\t\t\t\t\t\t\t<\/div>\n\t\t\t\t<\/div>\n\t\t\t\t<\/div>\n\t\t<div class=\"elementor-element elementor-element-2f14ea25 e-con-full e-flex e-con e-child\" data-id=\"2f14ea25\" data-element_type=\"container\" data-settings=\"{&quot;background_background&quot;:&quot;classic&quot;}\">\n\t\t\t\t<\/div>\n\t\t\t\t\t<\/div>\n\t\t\t\t<\/div>\n\t\t\t\t<\/div>\n\t\t","protected":false},"excerpt":{"rendered":"<p>EXTENS\u00d5ES \u00d3PTICAS Extens\u00f5es \u00f3pticas s\u00e3o acess\u00f3rios de conex\u00e3o entre os acess\u00f3rios de termina\u00e7\u00e3o dos cabos de fibras \u00f3pticas e equipamentos \u00f3pticos. A extens\u00e3o \u00f3ptica \u00e9 formada por um cord\u00e3o de fibra \u00f3ptica, simplex ou duplex, com conectores \u00f3pticos montados em uma das extremidades, ficando a outra extremidade livre para emenda. A extens\u00e3o simplex com fibra [&hellip;]<\/p>\n","protected":false},"author":1,"featured_media":0,"parent":0,"menu_order":0,"comment_status":"closed","ping_status":"closed","template":"elementor_header_footer","meta":{"footnotes":""},"class_list":["post-522","page","type-page","status-publish","hentry"],"_links":{"self":[{"href":"https:\/\/opticsul.com.br\/index.php\/wp-json\/wp\/v2\/pages\/522","targetHints":{"allow":["GET"]}}],"collection":[{"href":"https:\/\/opticsul.com.br\/index.php\/wp-json\/wp\/v2\/pages"}],"about":[{"href":"https:\/\/opticsul.com.br\/index.php\/wp-json\/wp\/v2\/types\/page"}],"author":[{"embeddable":true,"href":"https:\/\/opticsul.com.br\/index.php\/wp-json\/wp\/v2\/users\/1"}],"replies":[{"embeddable":true,"href":"https:\/\/opticsul.com.br\/index.php\/wp-json\/wp\/v2\/comments?post=522"}],"version-history":[{"count":4,"href":"https:\/\/opticsul.com.br\/index.php\/wp-json\/wp\/v2\/pages\/522\/revisions"}],"predecessor-version":[{"id":526,"href":"https:\/\/opticsul.com.br\/index.php\/wp-json\/wp\/v2\/pages\/522\/revisions\/526"}],"wp:attachment":[{"href":"https:\/\/opticsul.com.br\/index.php\/wp-json\/wp\/v2\/media?parent=522"}],"curies":[{"name":"wp","href":"https:\/\/api.w.org\/{rel}","templated":true}]}}