{"id":517,"date":"2025-04-28T18:45:24","date_gmt":"2025-04-28T21:45:24","guid":{"rendered":"https:\/\/opticsul.com.br\/?page_id=517"},"modified":"2025-04-28T18:46:12","modified_gmt":"2025-04-28T21:46:12","slug":"cordoesopt","status":"publish","type":"page","link":"https:\/\/opticsul.com.br\/index.php\/cordoesopt\/","title":{"rendered":"Cordoes \u00d3ptico"},"content":{"rendered":"\t\t<div data-elementor-type=\"wp-page\" data-elementor-id=\"517\" class=\"elementor elementor-517\">\n\t\t\t\t<div class=\"elementor-element elementor-element-7e361ef8 e-flex e-con-boxed e-con e-parent\" data-id=\"7e361ef8\" data-element_type=\"container\" id=\"service1\">\n\t\t\t\t\t<div class=\"e-con-inner\">\n\t\t<div class=\"elementor-element elementor-element-132928fd e-con-full e-flex e-con e-child\" data-id=\"132928fd\" data-element_type=\"container\">\n\t\t\t\t<div class=\"elementor-element elementor-element-62b9e50a elementor-widget elementor-widget-heading\" data-id=\"62b9e50a\" data-element_type=\"widget\" data-widget_type=\"heading.default\">\n\t\t\t\t<div class=\"elementor-widget-container\">\n\t\t\t\t\t<h2 class=\"elementor-heading-title elementor-size-default\">CORD\u00d5ES \u00d3PTICO\n<\/h2>\t\t\t\t<\/div>\n\t\t\t\t<\/div>\n\t\t\t\t<div class=\"elementor-element elementor-element-7f0d478e elementor-widget elementor-widget-text-editor\" data-id=\"7f0d478e\" data-element_type=\"widget\" data-widget_type=\"text-editor.default\">\n\t\t\t\t<div class=\"elementor-widget-container\">\n\t\t\t\t\t\t\t\t\t<p class=\"p1\">Cord\u00f5es \u00f3pticos s\u00e3o acess\u00f3rios de conex\u00e3o ou manobra, entre os acess\u00f3rios de termina\u00e7\u00e3o dos cabos de fibras \u00f3pticas, e\/ou entre equipamentos de convers\u00e3o \u00f3ptica. Os cord\u00f5es \u00f3pticos padronizados s\u00e3o de di\u00e2metro de 2,0 ou 3,0 mm, fibra monomodo ou multimodo, simplex ou duplex, atendem a norma NBR 14433, nos quesitos de perda por atenua\u00e7\u00e3o e retorno. Os cord\u00f5es \u00f3pticos podem ser montados conforme as necessidades de comprimentos.<\/p>\t\t\t\t\t\t\t\t<\/div>\n\t\t\t\t<\/div>\n\t\t\t\t<\/div>\n\t\t<div class=\"elementor-element elementor-element-2f14ea25 e-con-full e-flex e-con e-child\" data-id=\"2f14ea25\" data-element_type=\"container\" data-settings=\"{&quot;background_background&quot;:&quot;classic&quot;}\">\n\t\t\t\t<\/div>\n\t\t\t\t\t<\/div>\n\t\t\t\t<\/div>\n\t\t\t\t<\/div>\n\t\t","protected":false},"excerpt":{"rendered":"<p>CORD\u00d5ES \u00d3PTICO Cord\u00f5es \u00f3pticos s\u00e3o acess\u00f3rios de conex\u00e3o ou manobra, entre os acess\u00f3rios de termina\u00e7\u00e3o dos cabos de fibras \u00f3pticas, e\/ou entre equipamentos de convers\u00e3o \u00f3ptica. Os cord\u00f5es \u00f3pticos padronizados s\u00e3o de di\u00e2metro de 2,0 ou 3,0 mm, fibra monomodo ou multimodo, simplex ou duplex, atendem a norma NBR 14433, nos quesitos de perda por [&hellip;]<\/p>\n","protected":false},"author":1,"featured_media":0,"parent":0,"menu_order":0,"comment_status":"closed","ping_status":"closed","template":"elementor_header_footer","meta":{"footnotes":""},"class_list":["post-517","page","type-page","status-publish","hentry"],"_links":{"self":[{"href":"https:\/\/opticsul.com.br\/index.php\/wp-json\/wp\/v2\/pages\/517","targetHints":{"allow":["GET"]}}],"collection":[{"href":"https:\/\/opticsul.com.br\/index.php\/wp-json\/wp\/v2\/pages"}],"about":[{"href":"https:\/\/opticsul.com.br\/index.php\/wp-json\/wp\/v2\/types\/page"}],"author":[{"embeddable":true,"href":"https:\/\/opticsul.com.br\/index.php\/wp-json\/wp\/v2\/users\/1"}],"replies":[{"embeddable":true,"href":"https:\/\/opticsul.com.br\/index.php\/wp-json\/wp\/v2\/comments?post=517"}],"version-history":[{"count":4,"href":"https:\/\/opticsul.com.br\/index.php\/wp-json\/wp\/v2\/pages\/517\/revisions"}],"predecessor-version":[{"id":521,"href":"https:\/\/opticsul.com.br\/index.php\/wp-json\/wp\/v2\/pages\/517\/revisions\/521"}],"wp:attachment":[{"href":"https:\/\/opticsul.com.br\/index.php\/wp-json\/wp\/v2\/media?parent=517"}],"curies":[{"name":"wp","href":"https:\/\/api.w.org\/{rel}","templated":true}]}}