{"id":512,"date":"2025-04-28T18:44:21","date_gmt":"2025-04-28T21:44:21","guid":{"rendered":"https:\/\/opticsul.com.br\/?page_id=512"},"modified":"2025-04-28T18:45:05","modified_gmt":"2025-04-28T21:45:05","slug":"conectopt","status":"publish","type":"page","link":"https:\/\/opticsul.com.br\/index.php\/conectopt\/","title":{"rendered":"Conector \u00d3ptico"},"content":{"rendered":"\t\t<div data-elementor-type=\"wp-page\" data-elementor-id=\"512\" class=\"elementor elementor-512\">\n\t\t\t\t<div class=\"elementor-element elementor-element-7e361ef8 e-flex e-con-boxed e-con e-parent\" data-id=\"7e361ef8\" data-element_type=\"container\" id=\"service1\">\n\t\t\t\t\t<div class=\"e-con-inner\">\n\t\t<div class=\"elementor-element elementor-element-132928fd e-con-full e-flex e-con e-child\" data-id=\"132928fd\" data-element_type=\"container\">\n\t\t\t\t<div class=\"elementor-element elementor-element-62b9e50a elementor-widget elementor-widget-heading\" data-id=\"62b9e50a\" data-element_type=\"widget\" data-widget_type=\"heading.default\">\n\t\t\t\t<div class=\"elementor-widget-container\">\n\t\t\t\t\t<h2 class=\"elementor-heading-title elementor-size-default\">CONECTOR \u00d3PTICO\n<\/h2>\t\t\t\t<\/div>\n\t\t\t\t<\/div>\n\t\t\t\t<div class=\"elementor-element elementor-element-7f0d478e elementor-widget elementor-widget-text-editor\" data-id=\"7f0d478e\" data-element_type=\"widget\" data-widget_type=\"text-editor.default\">\n\t\t\t\t<div class=\"elementor-widget-container\">\n\t\t\t\t\t\t\t\t\t<p class=\"p1\">Acess\u00f3rio de interface para conex\u00e3o da fibra de um cabo \u00f3ptico, com o dispositivo ativo da rede \u00f3ptica. Pode ser do tipo MONOMODO (SM) ou MULTIMODO (MM), sendo principal diferen\u00e7a as dimens\u00f5es internas. Os principais tipos de conectores \u00f3pticos s\u00e3o : ST \/ SC \/ LC \/ FC \/ MTRJ \/ E2000 . Para os tipos de polimento PC e APC<\/p>\t\t\t\t\t\t\t\t<\/div>\n\t\t\t\t<\/div>\n\t\t\t\t<\/div>\n\t\t<div class=\"elementor-element elementor-element-2f14ea25 e-con-full e-flex e-con e-child\" data-id=\"2f14ea25\" data-element_type=\"container\" data-settings=\"{&quot;background_background&quot;:&quot;classic&quot;}\">\n\t\t\t\t<\/div>\n\t\t\t\t\t<\/div>\n\t\t\t\t<\/div>\n\t\t\t\t<\/div>\n\t\t","protected":false},"excerpt":{"rendered":"<p>CONECTOR \u00d3PTICO Acess\u00f3rio de interface para conex\u00e3o da fibra de um cabo \u00f3ptico, com o dispositivo ativo da rede \u00f3ptica. Pode ser do tipo MONOMODO (SM) ou MULTIMODO (MM), sendo principal diferen\u00e7a as dimens\u00f5es internas. Os principais tipos de conectores \u00f3pticos s\u00e3o : ST \/ SC \/ LC \/ FC \/ MTRJ \/ E2000 . [&hellip;]<\/p>\n","protected":false},"author":1,"featured_media":0,"parent":0,"menu_order":0,"comment_status":"closed","ping_status":"closed","template":"elementor_header_footer","meta":{"footnotes":""},"class_list":["post-512","page","type-page","status-publish","hentry"],"_links":{"self":[{"href":"https:\/\/opticsul.com.br\/index.php\/wp-json\/wp\/v2\/pages\/512","targetHints":{"allow":["GET"]}}],"collection":[{"href":"https:\/\/opticsul.com.br\/index.php\/wp-json\/wp\/v2\/pages"}],"about":[{"href":"https:\/\/opticsul.com.br\/index.php\/wp-json\/wp\/v2\/types\/page"}],"author":[{"embeddable":true,"href":"https:\/\/opticsul.com.br\/index.php\/wp-json\/wp\/v2\/users\/1"}],"replies":[{"embeddable":true,"href":"https:\/\/opticsul.com.br\/index.php\/wp-json\/wp\/v2\/comments?post=512"}],"version-history":[{"count":4,"href":"https:\/\/opticsul.com.br\/index.php\/wp-json\/wp\/v2\/pages\/512\/revisions"}],"predecessor-version":[{"id":516,"href":"https:\/\/opticsul.com.br\/index.php\/wp-json\/wp\/v2\/pages\/512\/revisions\/516"}],"wp:attachment":[{"href":"https:\/\/opticsul.com.br\/index.php\/wp-json\/wp\/v2\/media?parent=512"}],"curies":[{"name":"wp","href":"https:\/\/api.w.org\/{rel}","templated":true}]}}