{"id":499,"date":"2025-04-28T18:41:52","date_gmt":"2025-04-28T21:41:52","guid":{"rendered":"https:\/\/opticsul.com.br\/?page_id=499"},"modified":"2025-04-28T18:43:00","modified_gmt":"2025-04-28T21:43:00","slug":"emendaext","status":"publish","type":"page","link":"https:\/\/opticsul.com.br\/index.php\/emendaext\/","title":{"rendered":"Caixa de Emenda Externa"},"content":{"rendered":"\t\t<div data-elementor-type=\"wp-page\" data-elementor-id=\"499\" class=\"elementor elementor-499\">\n\t\t\t\t<div class=\"elementor-element elementor-element-7e361ef8 e-flex e-con-boxed e-con e-parent\" data-id=\"7e361ef8\" data-element_type=\"container\" id=\"service1\">\n\t\t\t\t\t<div class=\"e-con-inner\">\n\t\t<div class=\"elementor-element elementor-element-132928fd e-con-full e-flex e-con e-child\" data-id=\"132928fd\" data-element_type=\"container\">\n\t\t\t\t<div class=\"elementor-element elementor-element-62b9e50a elementor-widget elementor-widget-heading\" data-id=\"62b9e50a\" data-element_type=\"widget\" data-widget_type=\"heading.default\">\n\t\t\t\t<div class=\"elementor-widget-container\">\n\t\t\t\t\t<h2 class=\"elementor-heading-title elementor-size-default\">\nCAIXA EMENDA EXTERNA<\/h2>\t\t\t\t<\/div>\n\t\t\t\t<\/div>\n\t\t\t\t<div class=\"elementor-element elementor-element-7f0d478e elementor-widget elementor-widget-text-editor\" data-id=\"7f0d478e\" data-element_type=\"widget\" data-widget_type=\"text-editor.default\">\n\t\t\t\t<div class=\"elementor-widget-container\">\n\t\t\t\t\t\t\t\t\t<p class=\"p1\">Acess\u00f3rio para acomodar as fus\u00f5es das fibras \u00f3pticas, vedando a entrada de \u00e1gua ou outros materiais. Material : Pl\u00e1stico injetado ABS. Capacidade : 12 \/ 24 \/ 48 \/72 e 96 fibras.<\/p>\t\t\t\t\t\t\t\t<\/div>\n\t\t\t\t<\/div>\n\t\t\t\t<\/div>\n\t\t<div class=\"elementor-element elementor-element-2f14ea25 e-con-full e-flex e-con e-child\" data-id=\"2f14ea25\" data-element_type=\"container\" data-settings=\"{&quot;background_background&quot;:&quot;classic&quot;}\">\n\t\t\t\t<\/div>\n\t\t\t\t\t<\/div>\n\t\t\t\t<\/div>\n\t\t\t\t<\/div>\n\t\t","protected":false},"excerpt":{"rendered":"<p>CAIXA EMENDA EXTERNA Acess\u00f3rio para acomodar as fus\u00f5es das fibras \u00f3pticas, vedando a entrada de \u00e1gua ou outros materiais. Material : Pl\u00e1stico injetado ABS. Capacidade : 12 \/ 24 \/ 48 \/72 e 96 fibras.<\/p>\n","protected":false},"author":1,"featured_media":0,"parent":0,"menu_order":0,"comment_status":"closed","ping_status":"closed","template":"elementor_header_footer","meta":{"footnotes":""},"class_list":["post-499","page","type-page","status-publish","hentry"],"_links":{"self":[{"href":"https:\/\/opticsul.com.br\/index.php\/wp-json\/wp\/v2\/pages\/499","targetHints":{"allow":["GET"]}}],"collection":[{"href":"https:\/\/opticsul.com.br\/index.php\/wp-json\/wp\/v2\/pages"}],"about":[{"href":"https:\/\/opticsul.com.br\/index.php\/wp-json\/wp\/v2\/types\/page"}],"author":[{"embeddable":true,"href":"https:\/\/opticsul.com.br\/index.php\/wp-json\/wp\/v2\/users\/1"}],"replies":[{"embeddable":true,"href":"https:\/\/opticsul.com.br\/index.php\/wp-json\/wp\/v2\/comments?post=499"}],"version-history":[{"count":4,"href":"https:\/\/opticsul.com.br\/index.php\/wp-json\/wp\/v2\/pages\/499\/revisions"}],"predecessor-version":[{"id":503,"href":"https:\/\/opticsul.com.br\/index.php\/wp-json\/wp\/v2\/pages\/499\/revisions\/503"}],"wp:attachment":[{"href":"https:\/\/opticsul.com.br\/index.php\/wp-json\/wp\/v2\/media?parent=499"}],"curies":[{"name":"wp","href":"https:\/\/api.w.org\/{rel}","templated":true}]}}